{"id":82,"date":"2020-09-25T07:54:39","date_gmt":"2020-09-25T10:54:39","guid":{"rendered":"http:\/\/sbempe.com.br\/?page_id=82"},"modified":"2022-06-05T21:01:27","modified_gmt":"2022-06-06T00:01:27","slug":"diretorias-anteriores","status":"publish","type":"page","link":"https:\/\/sbempe.com.br\/index.php\/diretorias-anteriores\/","title":{"rendered":"Diretorias Anteriores"},"content":{"rendered":"\n<p><strong>BI\u00caNIO:<\/strong> 2020 &#8211; 2022<br><strong>TEMA:<\/strong> Fomentar a Educa\u00e7\u00e3o Matem\u00e1tica em Pernambuco: Compromisso Pol\u00edtico e Social da SBEM-PE<\/p>\n\n\n\n<figure class=\"wp-block-table aligncenter\"><table class=\"has-black-color has-pale-cyan-blue-background-color has-text-color has-background has-fixed-layout\"><thead><tr><th class=\"has-text-align-center\" data-align=\"center\">CARGO<\/th><th class=\"has-text-align-center\" data-align=\"center\">NOME (link para C.Lattes)<\/th><\/tr><\/thead><tbody><tr><td class=\"has-text-align-center\" data-align=\"center\">DIRETORA REGIONAL<\/td><td class=\"has-text-align-center\" data-align=\"center\"><a href=\"http:\/\/lattes.cnpq.br\/8888500885370084\" target=\"_blank\" rel=\"noreferrer noopener\">Rosinalda Aurora de Melo Teles<\/a><\/td><\/tr><tr><td class=\"has-text-align-center\" data-align=\"center\">VICE-DIRETOR REGIONAL<\/td><td class=\"has-text-align-center\" data-align=\"center\"><a href=\"http:\/\/lattes.cnpq.br\/2183864514413741\" target=\"_blank\" rel=\"noreferrer noopener\">Ernani Martins dos Santos<\/a><\/td><\/tr><tr><td class=\"has-text-align-center\" data-align=\"center\">1\u00ba SECRET\u00c1RIO<\/td><td class=\"has-text-align-center\" data-align=\"center\"><a href=\"http:\/\/lattes.cnpq.br\/4578456189518357\" target=\"_blank\" rel=\"noreferrer noopener\">Evanilson Landim Alves<\/a><\/td><\/tr><tr><td class=\"has-text-align-center\" data-align=\"center\">2\u00ba SECRET\u00c1RIO<\/td><td class=\"has-text-align-center\" data-align=\"center\"><a rel=\"noreferrer noopener\" href=\"http:\/\/lattes.cnpq.br\/5068777580366565\" data-type=\"URL\" data-id=\"http:\/\/lattes.cnpq.br\/5068777580366565\" target=\"_blank\">Jos\u00e9 Ivanildo Felisberto de Carvalho<\/a><\/td><\/tr><tr><td class=\"has-text-align-center\" data-align=\"center\">1\u00aa TESOUREIRA<\/td><td class=\"has-text-align-center\" data-align=\"center\"><a href=\"http:\/\/lattes.cnpq.br\/2234877552692538\" target=\"_blank\" rel=\"noreferrer noopener\">Marilene Rosa dos Santos<\/a><\/td><\/tr><tr><td class=\"has-text-align-center\" data-align=\"center\">2\u00ba TESOUREIRO<\/td><td class=\"has-text-align-center\" data-align=\"center\"><a href=\"http:\/\/lattes.cnpq.br\/3674725620055994\" target=\"_blank\" rel=\"noreferrer noopener\">Carlos Eduardo de Oliveira<\/a><\/td><\/tr><tr><td class=\"has-text-align-center\" data-align=\"center\">1\u00ba SUPLENTE<\/td><td class=\"has-text-align-center\" data-align=\"center\"><a href=\"http:\/\/lattes.cnpq.br\/8337689418134926\" target=\"_blank\" rel=\"noreferrer noopener\">Jorge Henrique Duarte<\/a><\/td><\/tr><tr><td class=\"has-text-align-center\" data-align=\"center\">2\u00aa SUPLENTE<\/td><td class=\"has-text-align-center\" data-align=\"center\"><a href=\"http:\/\/lattes.cnpq.br\/9841603254661564\" target=\"_blank\" rel=\"noreferrer noopener\">Iolanda Possidonio dos Santos <\/a><\/td><\/tr><\/tbody><\/table><\/figure>\n\n\n\n<p><strong>Tri\u00eanio:<\/strong> 2017 &#8211; 2020  <br><strong>Tema:<\/strong> SBEM-PE: Forte e Democr\u00e1tica do Litoral ao Sert\u00e3o<\/p>\n\n\n\n<figure class=\"wp-block-table aligncenter\"><table class=\"has-black-color has-pale-cyan-blue-background-color has-text-color has-background has-fixed-layout\"><thead><tr><th class=\"has-text-align-center\" data-align=\"center\">CARGO<\/th><th class=\"has-text-align-center\" data-align=\"center\">NOME (com link para C.Lattes)<\/th><\/tr><\/thead><tbody><tr><td class=\"has-text-align-center\" data-align=\"center\">DIRETORA REGIONAL<\/td><td class=\"has-text-align-center\" data-align=\"center\"><a href=\"http:\/\/lattes.cnpq.br\/8888500885370084\" target=\"_blank\" rel=\"noreferrer noopener\">Rosinalda Aurora de Melo Teles<\/a><\/td><\/tr><tr><td class=\"has-text-align-center\" data-align=\"center\">VICE-DIRETOR REGIONAL<\/td><td class=\"has-text-align-center\" data-align=\"center\"><a href=\"http:\/\/lattes.cnpq.br\/2183864514413741\" target=\"_blank\" rel=\"noreferrer noopener\">Ernani Martins dos Santos<\/a><\/td><\/tr><tr><td class=\"has-text-align-center\" data-align=\"center\">1\u00ba SECRET\u00c1RIO<\/td><td class=\"has-text-align-center\" data-align=\"center\"><a href=\"http:\/\/lattes.cnpq.br\/4578456189518357\" target=\"_blank\" rel=\"noreferrer noopener\">Evanilson Landim Alves<\/a><\/td><\/tr><tr><td class=\"has-text-align-center\" data-align=\"center\">2\u00ba SECRET\u00c1RIO<\/td><td class=\"has-text-align-center\" data-align=\"center\"><a rel=\"noreferrer noopener\" href=\"http:\/\/lattes.cnpq.br\/8337689418134926\" target=\"_blank\">Jorge Henrique Duarte<\/a><\/td><\/tr><tr><td class=\"has-text-align-center\" data-align=\"center\">1\u00aa TESOUREIRA<\/td><td class=\"has-text-align-center\" data-align=\"center\"><a href=\"http:\/\/lattes.cnpq.br\/2234877552692538\" target=\"_blank\" rel=\"noreferrer noopener\">Marilene Rosa dos Santos<\/a><\/td><\/tr><tr><td class=\"has-text-align-center\" data-align=\"center\">2\u00ba TESOUREIRO<\/td><td class=\"has-text-align-center\" data-align=\"center\"><a href=\"http:\/\/lattes.cnpq.br\/5828404099372063\" target=\"_blank\" rel=\"noreferrer noopener\">Jadilson Ramos de Almeida<\/a><\/td><\/tr><tr><td class=\"has-text-align-center\" data-align=\"center\">1\u00ba SUPLENTE<\/td><td class=\"has-text-align-center\" data-align=\"center\"><a href=\"http:\/\/lattes.cnpq.br\/0806305371160831\" target=\"_blank\" rel=\"noreferrer noopener\">Marcel Muniz Vila\u00e7a<\/a><\/td><\/tr><tr><td class=\"has-text-align-center\" data-align=\"center\">2\u00aa SUPLENTE<\/td><td class=\"has-text-align-center\" data-align=\"center\"><a href=\"http:\/\/lattes.cnpq.br\/9069007873489006\" target=\"_blank\" rel=\"noreferrer noopener\">Juliana Azevedo Montenegro<\/a><\/td><\/tr><\/tbody><\/table><\/figure>\n\n\n\n<div class=\"wp-block-image\"><figure class=\"aligncenter size-full is-resized\"><img loading=\"lazy\" decoding=\"async\" src=\"http:\/\/sbempe.com.br\/wp-content\/uploads\/2021\/08\/linhahorizontal.png\" alt=\"\" class=\"wp-image-197\" width=\"797\" height=\"32\" srcset=\"https:\/\/sbempe.com.br\/wp-content\/uploads\/2021\/08\/linhahorizontal.png 931w, https:\/\/sbempe.com.br\/wp-content\/uploads\/2021\/08\/linhahorizontal-300x12.png 300w, https:\/\/sbempe.com.br\/wp-content\/uploads\/2021\/08\/linhahorizontal-768x31.png 768w\" sizes=\"auto, (max-width: 797px) 100vw, 797px\" \/><\/figure><\/div>\n\n\n\n<p><strong>Tri\u00eanio:<\/strong> XXXX &#8211; YYYY<br><strong>Tema:<\/strong> ZZZZ <\/p>\n\n\n\n<figure class=\"wp-block-table aligncenter\"><table class=\"has-black-color has-pale-cyan-blue-background-color has-text-color has-background has-fixed-layout\"><thead><tr><th class=\"has-text-align-center\" data-align=\"center\">CARGO<\/th><th class=\"has-text-align-center\" data-align=\"center\">NOME (com link para C.Lattes)<\/th><th class=\"has-text-align-center\" data-align=\"center\">FOTO?<\/th><\/tr><\/thead><tbody><tr><td class=\"has-text-align-center\" data-align=\"center\">DIRETORA REGIONAL<\/td><td class=\"has-text-align-center\" data-align=\"center\"><a rel=\"noreferrer noopener\" href=\"http:\/\/lattes.cnpq.br\/8888500885370084\" target=\"_blank\">??????<\/a><\/td><td class=\"has-text-align-center\" data-align=\"center\"><\/td><\/tr><tr><td class=\"has-text-align-center\" data-align=\"center\">VICE-DIRETOR REGIONAL<\/td><td class=\"has-text-align-center\" data-align=\"center\"><a rel=\"noreferrer noopener\" href=\"http:\/\/lattes.cnpq.br\/2183864514413741\" target=\"_blank\"><\/a><a rel=\"noreferrer noopener\" href=\"http:\/\/lattes.cnpq.br\/8888500885370084\" target=\"_blank\">??????<\/a><\/td><td class=\"has-text-align-center\" data-align=\"center\"><\/td><\/tr><tr><td class=\"has-text-align-center\" data-align=\"center\">1\u00ba SECRET\u00c1RIO<\/td><td class=\"has-text-align-center\" data-align=\"center\"><a rel=\"noreferrer noopener\" href=\"http:\/\/lattes.cnpq.br\/4578456189518357\" target=\"_blank\"><\/a><a rel=\"noreferrer noopener\" href=\"http:\/\/lattes.cnpq.br\/8888500885370084\" target=\"_blank\">??????<\/a><\/td><td class=\"has-text-align-center\" data-align=\"center\"><\/td><\/tr><tr><td class=\"has-text-align-center\" data-align=\"center\">2\u00ba SECRET\u00c1RIO<\/td><td class=\"has-text-align-center\" data-align=\"center\"><a rel=\"noreferrer noopener\" href=\"http:\/\/lattes.cnpq.br\/8337689418134926\" target=\"_blank\"><\/a><a rel=\"noreferrer noopener\" href=\"http:\/\/lattes.cnpq.br\/8888500885370084\" target=\"_blank\">??????<\/a><\/td><td class=\"has-text-align-center\" data-align=\"center\"><\/td><\/tr><tr><td class=\"has-text-align-center\" data-align=\"center\">1\u00aa TESOUREIRA<\/td><td class=\"has-text-align-center\" data-align=\"center\"><a rel=\"noreferrer noopener\" href=\"http:\/\/lattes.cnpq.br\/2234877552692538\" target=\"_blank\"><\/a><a rel=\"noreferrer noopener\" href=\"http:\/\/lattes.cnpq.br\/8888500885370084\" target=\"_blank\">??????<\/a><\/td><td class=\"has-text-align-center\" data-align=\"center\"><\/td><\/tr><tr><td class=\"has-text-align-center\" data-align=\"center\">2\u00ba TESOUREIRO<\/td><td class=\"has-text-align-center\" data-align=\"center\"><a rel=\"noreferrer noopener\" href=\"http:\/\/lattes.cnpq.br\/5828404099372063\" target=\"_blank\"><\/a><a rel=\"noreferrer noopener\" href=\"http:\/\/lattes.cnpq.br\/8888500885370084\" target=\"_blank\">??????<\/a><\/td><td class=\"has-text-align-center\" data-align=\"center\"><\/td><\/tr><tr><td class=\"has-text-align-center\" data-align=\"center\">1\u00ba SUPLENTE<\/td><td class=\"has-text-align-center\" data-align=\"center\"><a rel=\"noreferrer noopener\" href=\"http:\/\/lattes.cnpq.br\/0806305371160831\" target=\"_blank\"><\/a><a rel=\"noreferrer noopener\" href=\"http:\/\/lattes.cnpq.br\/8888500885370084\" target=\"_blank\">??????<\/a><\/td><td class=\"has-text-align-center\" data-align=\"center\"><\/td><\/tr><tr><td class=\"has-text-align-center\" data-align=\"center\">2\u00aa SUPLENTE<\/td><td class=\"has-text-align-center\" data-align=\"center\"><a rel=\"noreferrer noopener\" href=\"http:\/\/lattes.cnpq.br\/9069007873489006\" target=\"_blank\"><\/a><a rel=\"noreferrer noopener\" href=\"http:\/\/lattes.cnpq.br\/8888500885370084\" target=\"_blank\">??????<\/a><\/td><td class=\"has-text-align-center\" data-align=\"center\"><\/td><\/tr><\/tbody><\/table><\/figure>\n","protected":false},"excerpt":{"rendered":"<p>BI\u00caNIO: 2020 &#8211; 2022TEMA: Fomentar a Educa\u00e7\u00e3o Matem\u00e1tica em Pernambuco: Compromisso Pol\u00edtico e Social da SBEM-PE CARGO NOME (link para<\/p>\n","protected":false},"author":1,"featured_media":0,"parent":0,"menu_order":0,"comment_status":"closed","ping_status":"closed","template":"","meta":{"footnotes":""},"class_list":["post-82","page","type-page","status-publish","hentry"],"_links":{"self":[{"href":"https:\/\/sbempe.com.br\/index.php\/wp-json\/wp\/v2\/pages\/82","targetHints":{"allow":["GET"]}}],"collection":[{"href":"https:\/\/sbempe.com.br\/index.php\/wp-json\/wp\/v2\/pages"}],"about":[{"href":"https:\/\/sbempe.com.br\/index.php\/wp-json\/wp\/v2\/types\/page"}],"author":[{"embeddable":true,"href":"https:\/\/sbempe.com.br\/index.php\/wp-json\/wp\/v2\/users\/1"}],"replies":[{"embeddable":true,"href":"https:\/\/sbempe.com.br\/index.php\/wp-json\/wp\/v2\/comments?post=82"}],"version-history":[{"count":5,"href":"https:\/\/sbempe.com.br\/index.php\/wp-json\/wp\/v2\/pages\/82\/revisions"}],"predecessor-version":[{"id":372,"href":"https:\/\/sbempe.com.br\/index.php\/wp-json\/wp\/v2\/pages\/82\/revisions\/372"}],"wp:attachment":[{"href":"https:\/\/sbempe.com.br\/index.php\/wp-json\/wp\/v2\/media?parent=82"}],"curies":[{"name":"wp","href":"https:\/\/api.w.org\/{rel}","templated":true}]}}