{"id":43,"date":"2020-08-11T20:52:19","date_gmt":"2020-08-11T23:52:19","guid":{"rendered":"http:\/\/sbempe.com.br\/?page_id=43"},"modified":"2022-02-02T22:40:29","modified_gmt":"2022-02-03T01:40:29","slug":"associe-se","status":"publish","type":"page","link":"https:\/\/sbempe.com.br\/index.php\/associe-se\/","title":{"rendered":"Associe-se"},"content":{"rendered":"\n<p>Convidamos voc\u00ea para compor nosso coletivo de educadoras e educadores matem\u00e1ticos. <\/p>\n\n\n\n<p>Associando-se \u00e0 SBEM Nacional automaticamente voc\u00ea se associa \u00e0 SBEM-PE e tem direito a participar de todas as atividades promovidas pelas diretorias regionais, al\u00e9m de ser identificado como membro da Sociedade e contribuir com a sua manuten\u00e7\u00e3o e desenvolvimento.<\/p>\n\n\n\n<p>Associando-se \u00e0 SBEM, voc\u00ea: <\/p>\n\n\n\n<ul class=\"wp-block-list\"><li>Ganha representatividade;<\/li><li>Fortalece a Educa\u00e7\u00e3o Matem\u00e1tica na sua regi\u00e3o, no Brasil e no mundo;<\/li><li>Ajuda na manuten\u00e7\u00e3o das Transmiss\u00f5es Online;<\/li><li>Participa gratuitamente ou recebe desconto na inscri\u00e7\u00e3o de eventos da \u00e1rea, recebe desconto na compra ou tem acesso livre a publica\u00e7\u00f5es diversas dispon\u00edveis na \u00e1rea de s\u00f3cio(a) da Sociedade;<\/li><li>Pode acessar os peri\u00f3dicos eletr\u00f4nicos publicados pela SBEM (<a href=\"http:\/\/www.sbembrasil.org.br\/revista\/\" target=\"_blank\" rel=\"noreferrer noopener\">http:\/\/www.sbembrasil.org.br\/revista\/<\/a>);<\/li><li>Concorre a bolsas de estudos em cursos promovidos por institui\u00e7\u00f5es parceiras;<\/li><li>Participa gratuitamente de cursos de forma\u00e7\u00e3o (inicial ou continuada) promovidos pela Sociedade;<\/li><li>Tem direito a participar na Assembleia Geral dos s\u00f3cios.<\/li><\/ul>\n\n\n\n<p>Em <strong>2022<\/strong> estamos oferecendo um desconto maior para s\u00f3cios aspirantes (graduandos) e professores que ensinam matem\u00e1tica da Educa\u00e7\u00e3o Infantil ou Anos Iniciais. Vejam a varia\u00e7\u00e3o dos pre\u00e7os em fun\u00e7\u00e3o da data do pagamento:<\/p>\n\n\n\n<div class=\"wp-block-group is-layout-flow wp-block-group-is-layout-flow\">\n<figure class=\"wp-block-table is-style-stripes\"><table><tbody><tr><td><strong>Categoria<\/strong><\/td><td class=\"has-text-align-center\" data-align=\"center\"><strong>At\u00e9 31\/03<\/strong> <\/td><td class=\"has-text-align-center\" data-align=\"center\"><strong>Entre 01\/04<\/strong> <strong>e 30\/06<\/strong><\/td><td class=\"has-text-align-center\" data-align=\"center\"><strong>Entre 01\/07 e 31\/08<\/strong><\/td><td class=\"has-text-align-center\" data-align=\"center\"><strong>A partir de 01\/09<\/strong><\/td><\/tr><tr><td>S\u00f3cio Aspirante (Alunos de gradua\u00e7\u00e3o)<\/td><td class=\"has-text-align-center\" data-align=\"center\">&nbsp;R$15,75<\/td><td class=\"has-text-align-center\" data-align=\"center\">&nbsp;R$15,75<\/td><td class=\"has-text-align-center\" data-align=\"center\">&nbsp;R$42,00<\/td><td class=\"has-text-align-center\" data-align=\"center\">&nbsp;R$52,50<\/td><\/tr><tr><td>S\u00f3cio Efetivo &#8211; Professores da Educa\u00e7\u00e3o B\u00e1sica (Educa\u00e7\u00e3o Infantil e Anos Iniciais)<\/td><td class=\"has-text-align-center\" data-align=\"center\">&nbsp;R$36,75<\/td><td class=\"has-text-align-center\" data-align=\"center\">&nbsp;R$73,50<\/td><td class=\"has-text-align-center\" data-align=\"center\">&nbsp;R$84,00<\/td><td class=\"has-text-align-center\" data-align=\"center\">&nbsp;R$94,50<\/td><\/tr><tr><td>S\u00f3cio Efetivo &#8211; Professores da Educa\u00e7\u00e3o B\u00e1sica (Anos Finais e Ensino M\u00e9dio) e alunos da p\u00f3s-gradu\u00e7\u00e3o<\/td><td class=\"has-text-align-center\" data-align=\"center\">&nbsp;R$36,75<\/td><td class=\"has-text-align-center\" data-align=\"center\">&nbsp;R$73,50<\/td><td class=\"has-text-align-center\" data-align=\"center\">&nbsp;R$84,00<\/td><td class=\"has-text-align-center\" data-align=\"center\">&nbsp;R$94,50<\/td><\/tr><tr><td>S\u00f3cio Efetivo (Professores Educa\u00e7\u00e3o T\u00e9cnica e Tecnol\u00f3gica, Institutos Federais, Col\u00e9gios de Aplica\u00e7\u00e3o, Col\u00e9gios Militares, Col\u00e9gio Pedro II, etc.)<\/td><td class=\"has-text-align-center\" data-align=\"center\">&nbsp;R$126,00<\/td><td class=\"has-text-align-center\" data-align=\"center\">&nbsp;R$126,00<\/td><td class=\"has-text-align-center\" data-align=\"center\">&nbsp;R$178,50<\/td><td class=\"has-text-align-center\" data-align=\"center\">&nbsp;R$231,00<\/td><\/tr><tr><td>S\u00f3cio Efetivo-Superior (Professores do Ensino Superior)<\/td><td class=\"has-text-align-center\" data-align=\"center\">&nbsp;R$126,00<\/td><td class=\"has-text-align-center\" data-align=\"center\">&nbsp;R$126,00<\/td><td class=\"has-text-align-center\" data-align=\"center\">&nbsp;R$178,50<\/td><td class=\"has-text-align-center\" data-align=\"center\">&nbsp;R$231,00<\/td><\/tr><tr><td>S\u00f3cios institucionais<\/td><td class=\"has-text-align-center\" data-align=\"center\">&nbsp;R$378,00<\/td><td class=\"has-text-align-center\" data-align=\"center\">&nbsp;R$378,00<\/td><td class=\"has-text-align-center\" data-align=\"center\">&nbsp;R$378,00<\/td><td class=\"has-text-align-center\" data-align=\"center\">&nbsp;R$378,00<\/td><\/tr><\/tbody><\/table><\/figure>\n\n\n\n<p>Para torn\u00e1-se s\u00f3cio(a) da SBEM, basta preencher a <a rel=\"noreferrer noopener\" href=\"http:\/\/www.sbembrasil.org.br\/ficha.html\" target=\"_blank\"><strong>Ficha de Inscri\u00e7\u00e3o<\/strong><\/a> e realizar o pagamento da respectiva anuidade por<strong> PIX<\/strong>\u00a0ou\u00a0<strong>Pagseguro<\/strong>. <br><br><strong>Observa\u00e7\u00e3o 1:<\/strong> Para mantermos a nossa base de dados atualizada,\u00a0<strong>TODOS<\/strong> (s\u00f3cios e n\u00e3o s\u00f3cios) <strong>devem preencher os dados cadastrais<\/strong>.<\/p>\n\n\n\n<p><strong>Observa\u00e7\u00e3o 2:\u00a0<\/strong>Caso o pagamento seja realizado por\u00a0<strong>PIX<\/strong>\u00a0\u00e9 necess\u00e1rio enviar o\u00a0<strong>comprovante<\/strong>\u00a0para\u00a0<strong><a rel=\"noreferrer noopener\" href=\"mailto:sbem@sbem.com.br\" target=\"_blank\">sbem@sbem.com.br<\/a>\u00a0<\/strong>ou pelo<strong>\u00a0WhatsApp\u00a0(61) 99207-0160<\/strong>. Se o emissor do PIX n\u00e3o for o s\u00f3cio sugere-se preencher o campo\u00a0<strong>observa\u00e7\u00e3o\/descri\u00e7\u00e3o\/coment\u00e1rio do PIX com o NOME COMPLETO<\/strong>\u00a0para quem \u00e9 o pagamento da anuidade.\u00a0<strong>Mesmo assim, n\u00e3o se esque\u00e7a de enviar o comprovante<\/strong>. Ap\u00f3s a realiza\u00e7\u00e3o do pagamento, em at\u00e9\u00a0<strong>tr\u00eas dias \u00fateis<\/strong>\u00a0o seu cadastro ser\u00e1 conclu\u00eddo.<\/p>\n<\/div>\n\n\n\n<p><\/p>\n","protected":false},"excerpt":{"rendered":"<p>Convidamos voc\u00ea para compor nosso coletivo de educadoras e educadores matem\u00e1ticos. Associando-se \u00e0 SBEM Nacional automaticamente voc\u00ea se associa \u00e0<\/p>\n","protected":false},"author":1,"featured_media":0,"parent":0,"menu_order":0,"comment_status":"closed","ping_status":"closed","template":"","meta":{"footnotes":""},"class_list":["post-43","page","type-page","status-publish","hentry"],"_links":{"self":[{"href":"https:\/\/sbempe.com.br\/index.php\/wp-json\/wp\/v2\/pages\/43","targetHints":{"allow":["GET"]}}],"collection":[{"href":"https:\/\/sbempe.com.br\/index.php\/wp-json\/wp\/v2\/pages"}],"about":[{"href":"https:\/\/sbempe.com.br\/index.php\/wp-json\/wp\/v2\/types\/page"}],"author":[{"embeddable":true,"href":"https:\/\/sbempe.com.br\/index.php\/wp-json\/wp\/v2\/users\/1"}],"replies":[{"embeddable":true,"href":"https:\/\/sbempe.com.br\/index.php\/wp-json\/wp\/v2\/comments?post=43"}],"version-history":[{"count":5,"href":"https:\/\/sbempe.com.br\/index.php\/wp-json\/wp\/v2\/pages\/43\/revisions"}],"predecessor-version":[{"id":362,"href":"https:\/\/sbempe.com.br\/index.php\/wp-json\/wp\/v2\/pages\/43\/revisions\/362"}],"wp:attachment":[{"href":"https:\/\/sbempe.com.br\/index.php\/wp-json\/wp\/v2\/media?parent=43"}],"curies":[{"name":"wp","href":"https:\/\/api.w.org\/{rel}","templated":true}]}}