{"id":42,"date":"2022-06-06T07:52:00","date_gmt":"2022-06-06T10:52:00","guid":{"rendered":"http:\/\/sbempe.com.br\/?page_id=42"},"modified":"2022-07-07T18:48:08","modified_gmt":"2022-07-07T21:48:08","slug":"diretoria","status":"publish","type":"page","link":"https:\/\/sbempe.com.br\/index.php\/diretoria\/","title":{"rendered":"Diretoria Atual"},"content":{"rendered":"\n<div class=\"wp-block-group is-layout-flow wp-block-group-is-layout-flow\">\n<div class=\"wp-block-group is-layout-flow wp-block-group-is-layout-flow\">\n<p><strong>Tri\u00eanio<\/strong> 2022-2025<\/p>\n<\/div>\n<\/div>\n\n\n\n<p class=\"has-normal-font-size\"><strong>DIRETOR REGIONAL<\/strong><br>Ricardo Ant\u00f4nio Faustino da Silva Braz &#8211; Universidade Federal de Pernambuco \u2013 UFPE CAA<br><br><strong>VICE-DIRETOR REGIONAL<\/strong><br>Marcus Bessa de Menezes &#8211; Universidade Federal de Pernambuco \u2013 UFPE CAA<br><br><strong>PRIMEIRA SECRET\u00c1RIA<\/strong><br>Regina Celi de Melo Andr\u00e9 &#8211; Secretaria de Educa\u00e7\u00e3o e Esportes do Estado de Pernambuco \u2013 SEE-PE<br><br><strong>PRIMEIRO TESOUREIRO<\/strong><br>Carlos Bino de Souza &#8211; Instituto Federal de Pernambuco <em>Campus <\/em>Pesqueira<br><br><strong>MARKETING, EVENTOS E DIVULGA\u00c7\u00c3O<\/strong><br>Ana Paula Nunes Braz Figueiredo &#8211; Prefeitura Municipal de Jaboat\u00e3o dos Guararapes<br><br><strong>COLABORADORAS<\/strong><br>Josinalva Estacio Menezes &#8211; Universidade de Pernambuco<br>Vania de Moura Barbosa Duarte &#8211; Universidade de Pernambuco <em>Campus<\/em> Mata Norte<\/p>\n","protected":false},"excerpt":{"rendered":"<p>Tri\u00eanio 2022-2025 DIRETOR REGIONALRicardo Ant\u00f4nio Faustino da Silva Braz &#8211; Universidade Federal de Pernambuco \u2013 UFPE CAA VICE-DIRETOR REGIONALMarcus Bessa<\/p>\n","protected":false},"author":9,"featured_media":0,"parent":0,"menu_order":0,"comment_status":"closed","ping_status":"closed","template":"","meta":{"footnotes":""},"class_list":["post-42","page","type-page","status-publish","hentry"],"_links":{"self":[{"href":"https:\/\/sbempe.com.br\/index.php\/wp-json\/wp\/v2\/pages\/42","targetHints":{"allow":["GET"]}}],"collection":[{"href":"https:\/\/sbempe.com.br\/index.php\/wp-json\/wp\/v2\/pages"}],"about":[{"href":"https:\/\/sbempe.com.br\/index.php\/wp-json\/wp\/v2\/types\/page"}],"author":[{"embeddable":true,"href":"https:\/\/sbempe.com.br\/index.php\/wp-json\/wp\/v2\/users\/9"}],"replies":[{"embeddable":true,"href":"https:\/\/sbempe.com.br\/index.php\/wp-json\/wp\/v2\/comments?post=42"}],"version-history":[{"count":13,"href":"https:\/\/sbempe.com.br\/index.php\/wp-json\/wp\/v2\/pages\/42\/revisions"}],"predecessor-version":[{"id":656,"href":"https:\/\/sbempe.com.br\/index.php\/wp-json\/wp\/v2\/pages\/42\/revisions\/656"}],"wp:attachment":[{"href":"https:\/\/sbempe.com.br\/index.php\/wp-json\/wp\/v2\/media?parent=42"}],"curies":[{"name":"wp","href":"https:\/\/api.w.org\/{rel}","templated":true}]}}