{"id":110,"date":"2020-09-25T08:13:36","date_gmt":"2020-09-25T11:13:36","guid":{"rendered":"http:\/\/sbempe.com.br\/?page_id=110"},"modified":"2022-07-12T16:12:02","modified_gmt":"2022-07-12T19:12:02","slug":"informativos","status":"publish","type":"page","link":"https:\/\/sbempe.com.br\/index.php\/informativos\/","title":{"rendered":"INFORMATIVOS"},"content":{"rendered":"\n<p>Com a finalidade de registrar e compartilhar a\u00e7\u00f5es, homenagens e avisos, os informativos da SBEM-PE,&nbsp; elaborados a partir de 2017 na Gest\u00e3o SBEM-PE: Forte e democr\u00e1tica do Litoral ao Sert\u00e3o, os informativos s\u00e3o verdadeiras mem\u00f3rias da Educa\u00e7\u00e3o Matem\u00e1tica em nosso estado. <\/p>\n\n\n\n<p>Desejamos que fa\u00e7am leituras, compartilhem com seus pares e nos ajude a construir outras mem\u00f3rias. <\/p>\n\n\n\n<p>Boa leitura!!!!&nbsp;<\/p>\n\n\n\n<p><strong>2017<\/strong><\/p>\n\n\n\n<ul class=\"wp-block-list\"><li><a href=\"https:\/\/drive.google.com\/file\/d\/0B3L-IGJQBpMrSkZMemxOVG5UUUE\/view?usp=sharing&amp;resourcekey=0-jk6yWsK9T4qIdO05HfUhXw\" target=\"_blank\" rel=\"noreferrer noopener\">Informativo SBEM-PE | n\u00ba 1 | junho 2017<\/a><\/li><li><a href=\"https:\/\/drive.google.com\/file\/d\/0B3L-IGJQBpMrcGxpNUVZRmNzVEk\/view?usp=sharing&amp;resourcekey=0-rYIoODqVjhZhq_5ICkv5Wg\" data-type=\"URL\" data-id=\"https:\/\/drive.google.com\/file\/d\/0B3L-IGJQBpMrcGxpNUVZRmNzVEk\/view?usp=sharing&amp;resourcekey=0-rYIoODqVjhZhq_5ICkv5Wg\" target=\"_blank\" rel=\"noreferrer noopener\">Informativo SBEM-PE | n\u00ba 2 | setembro 2017<\/a><\/li><\/ul>\n\n\n\n<p><strong>2018<\/strong><\/p>\n\n\n\n<ul class=\"wp-block-list\"><li><a href=\"https:\/\/drive.google.com\/file\/d\/1kAHLSiSBCJghxd2pTFDN54OFrcpVbNbl\/view?usp=sharing\" data-type=\"URL\" data-id=\"https:\/\/drive.google.com\/file\/d\/1kAHLSiSBCJghxd2pTFDN54OFrcpVbNbl\/view?usp=sharing\">Informativo SBEM-PE | n\u00ba 3 | janeiro 2018<\/a><\/li><li><a href=\"https:\/\/drive.google.com\/file\/d\/1BbWottR0DMy8ZAn48nEDl9nuBI5YZr-C\/view?usp=sharing\" data-type=\"URL\" data-id=\"https:\/\/drive.google.com\/file\/d\/1BbWottR0DMy8ZAn48nEDl9nuBI5YZr-C\/view?usp=sharing\">Informativo SBEM-PE | n\u00ba 4 | julho 2018<\/a><\/li><\/ul>\n\n\n\n<p><strong>2019<\/strong><\/p>\n\n\n\n<ul class=\"wp-block-list\"><li><a href=\"https:\/\/drive.google.com\/file\/d\/1oBfF8F3BDjlqIs4dyi7ClYoBujSXob5l\/view?usp=sharing\" data-type=\"URL\" data-id=\"https:\/\/drive.google.com\/file\/d\/1oBfF8F3BDjlqIs4dyi7ClYoBujSXob5l\/view?usp=sharing\">Informativo SBEM-PE | n\u00ba 5 | agosto 2019<\/a><\/li><\/ul>\n\n\n\n<p><strong>2020<\/strong><\/p>\n\n\n\n<ul class=\"wp-block-list\"><li><a href=\"https:\/\/drive.google.com\/file\/d\/1yzpd9sRv1WYuragUfXnExThrb15oAcQo\/view?usp=sharing\" data-type=\"URL\" data-id=\"https:\/\/drive.google.com\/file\/d\/1yzpd9sRv1WYuragUfXnExThrb15oAcQo\/view?usp=sharing\">Informativo SBEM-PE | n\u00ba 6 | dezembro 2020<\/a><\/li><\/ul>\n\n\n\n<p><strong>2021<\/strong><\/p>\n\n\n\n<ul class=\"wp-block-list\"><li><a href=\"https:\/\/drive.google.com\/file\/d\/1ah6CNLMbKrvVYt7RoWV2fUVdNvSC6t_A\/view?usp=sharing\" data-type=\"URL\" data-id=\"https:\/\/drive.google.com\/file\/d\/1ah6CNLMbKrvVYt7RoWV2fUVdNvSC6t_A\/view?usp=sharing\">Informativo SBEM-PE | n\u00ba 7 | outubro 2021<\/a><\/li><\/ul>\n\n\n\n<p> <strong>2022<\/strong><\/p>\n\n\n\n<ul class=\"wp-block-list\"><li> <a href=\"https:\/\/drive.google.com\/file\/d\/1pyE2fDxbtWtUWxAExWK40nv0iwQ2vje_\/view?usp=sharing\">Informativo SBEM-PE| N\u00ba 8 | junho 2022<\/a><\/li><\/ul>\n\n\n\n<p><\/p>\n","protected":false},"excerpt":{"rendered":"<p>Com a finalidade de registrar e compartilhar a\u00e7\u00f5es, homenagens e avisos, os informativos da SBEM-PE,&nbsp; elaborados a partir de 2017<\/p>\n","protected":false},"author":1,"featured_media":0,"parent":0,"menu_order":0,"comment_status":"closed","ping_status":"closed","template":"","meta":{"footnotes":""},"class_list":["post-110","page","type-page","status-publish","hentry"],"_links":{"self":[{"href":"https:\/\/sbempe.com.br\/index.php\/wp-json\/wp\/v2\/pages\/110","targetHints":{"allow":["GET"]}}],"collection":[{"href":"https:\/\/sbempe.com.br\/index.php\/wp-json\/wp\/v2\/pages"}],"about":[{"href":"https:\/\/sbempe.com.br\/index.php\/wp-json\/wp\/v2\/types\/page"}],"author":[{"embeddable":true,"href":"https:\/\/sbempe.com.br\/index.php\/wp-json\/wp\/v2\/users\/1"}],"replies":[{"embeddable":true,"href":"https:\/\/sbempe.com.br\/index.php\/wp-json\/wp\/v2\/comments?post=110"}],"version-history":[{"count":11,"href":"https:\/\/sbempe.com.br\/index.php\/wp-json\/wp\/v2\/pages\/110\/revisions"}],"predecessor-version":[{"id":686,"href":"https:\/\/sbempe.com.br\/index.php\/wp-json\/wp\/v2\/pages\/110\/revisions\/686"}],"wp:attachment":[{"href":"https:\/\/sbempe.com.br\/index.php\/wp-json\/wp\/v2\/media?parent=110"}],"curies":[{"name":"wp","href":"https:\/\/api.w.org\/{rel}","templated":true}]}}