{"id":109,"date":"2020-09-25T08:13:36","date_gmt":"2020-09-25T11:13:36","guid":{"rendered":"http:\/\/sbempe.com.br\/?page_id=109"},"modified":"2026-03-10T22:23:09","modified_gmt":"2026-03-11T01:23:09","slug":"editais","status":"publish","type":"page","link":"https:\/\/sbempe.com.br\/index.php\/editais\/","title":{"rendered":"EDITAIS"},"content":{"rendered":"\n<p>[Edital 01\/2026] <a href=\"https:\/\/drive.google.com\/file\/d\/12NrVTcv6wxDjVa2mGig8Vb_XcPu2RCyp\/view?usp=drive_link\" data-type=\"link\" data-id=\"https:\/\/drive.google.com\/file\/d\/12NrVTcv6wxDjVa2mGig8Vb_XcPu2RCyp\/view?usp=drive_link\">Apoio Financeiro a eventos em Pernambuco<\/a><\/p>\n\n\n\n<p class=\"has-text-align-left\">[Edital 2021] <a href=\"https:\/\/drive.google.com\/file\/d\/1UyjBaD4bfxl0EU9U1WiwOPXMCl6ye_L0\/view?usp=sharing\" target=\"_blank\" rel=\"noreferrer noopener\">EDITAL DE CONVOCA\u00c7\u00c3O PARA ELEI\u00c7\u00c3O SBEM-PE (tri\u00eanio 2022-2025)<\/a> <\/p>\n\n\n\n<p>[Edital 02\/2019] <a rel=\"noreferrer noopener\" href=\"https:\/\/drive.google.com\/file\/d\/1qXlfaBWejErGsyF6n6DiejEX6vc1Qrjc\/view?usp=sharing\" target=\"_blank\">Candidatura para sediar o VIII EPEM<\/a><\/p>\n\n\n\n<div class=\"wp-block-group is-nowrap is-layout-flex wp-container-core-group-is-layout-1 wp-block-group-is-layout-flex\">\n<p>[Edital 01\/2019] <a href=\"https:\/\/drive.google.com\/file\/d\/1iVc7DXj9jsfbdA28jU13SHn_mOlRY_C3\/view?usp=sharing\" target=\"_blank\" rel=\"noreferrer noopener\">Apoio Financeiro para participa\u00e7\u00e3o no ENEM 2019<\/a><\/p>\n<\/div>\n\n\n\n<p>[Edital 02\/2018] <a href=\"https:\/\/drive.google.com\/file\/d\/1Nlmf5OBSlI28ya4yt2ISmA3e6CdzxK0b\/view?usp=sharing\" data-type=\"URL\" data-id=\"https:\/\/drive.google.com\/file\/d\/1Nlmf5OBSlI28ya4yt2ISmA3e6CdzxK0b\/view?usp=sharing\" target=\"_blank\" rel=\"noreferrer noopener\">Apoio Financeiro \u00e0 eventos de Educa\u00e7\u00e3o Matem\u00e1tica em Pernambuco<\/a><\/p>\n\n\n\n<p>[Edital 01\/2018] <a href=\"https:\/\/drive.google.com\/file\/d\/16n3RUfVbjdEe_tXwYGU5SAJ9bi6N6UpM\/view?usp=sharing\" target=\"_blank\" rel=\"noreferrer noopener\">Candidatura de Institui\u00e7\u00f5es para Caravana Tem\u00e1tica SBEM\/PE<\/a><\/p>\n\n\n\n<div class=\"wp-block-media-text is-stacked-on-mobile\"><figure class=\"wp-block-media-text__media\"><\/figure><div class=\"wp-block-media-text__content\">\n<p><\/p>\n<\/div><\/div>\n","protected":false},"excerpt":{"rendered":"<p>[Edital 01\/2026] Apoio Financeiro a eventos em Pernambuco [Edital 2021] EDITAL DE CONVOCA\u00c7\u00c3O PARA ELEI\u00c7\u00c3O SBEM-PE (tri\u00eanio 2022-2025) [Edital 02\/2019]<\/p>\n","protected":false},"author":1,"featured_media":0,"parent":0,"menu_order":0,"comment_status":"closed","ping_status":"closed","template":"","meta":{"footnotes":""},"class_list":["post-109","page","type-page","status-publish","hentry"],"_links":{"self":[{"href":"https:\/\/sbempe.com.br\/index.php\/wp-json\/wp\/v2\/pages\/109","targetHints":{"allow":["GET"]}}],"collection":[{"href":"https:\/\/sbempe.com.br\/index.php\/wp-json\/wp\/v2\/pages"}],"about":[{"href":"https:\/\/sbempe.com.br\/index.php\/wp-json\/wp\/v2\/types\/page"}],"author":[{"embeddable":true,"href":"https:\/\/sbempe.com.br\/index.php\/wp-json\/wp\/v2\/users\/1"}],"replies":[{"embeddable":true,"href":"https:\/\/sbempe.com.br\/index.php\/wp-json\/wp\/v2\/comments?post=109"}],"version-history":[{"count":11,"href":"https:\/\/sbempe.com.br\/index.php\/wp-json\/wp\/v2\/pages\/109\/revisions"}],"predecessor-version":[{"id":915,"href":"https:\/\/sbempe.com.br\/index.php\/wp-json\/wp\/v2\/pages\/109\/revisions\/915"}],"wp:attachment":[{"href":"https:\/\/sbempe.com.br\/index.php\/wp-json\/wp\/v2\/media?parent=109"}],"curies":[{"name":"wp","href":"https:\/\/api.w.org\/{rel}","templated":true}]}}