{"id":103,"date":"2020-09-25T08:12:29","date_gmt":"2020-09-25T11:12:29","guid":{"rendered":"http:\/\/sbempe.com.br\/?page_id=103"},"modified":"2025-06-25T21:24:07","modified_gmt":"2025-06-26T00:24:07","slug":"epem-anteriores-2","status":"publish","type":"page","link":"https:\/\/sbempe.com.br\/index.php\/epem-anteriores-2\/","title":{"rendered":"EPEM Anteriores"},"content":{"rendered":"\n<p>Os <strong>Encontros Pernambucanos de Educa\u00e7\u00e3o Matem\u00e1tica<\/strong> (EPEM) s\u00e3o realizados pela Diretoria Regional com apoio de pesquisadores e pesquisadoras vinculados \u00e0 institui\u00e7\u00f5es de educa\u00e7\u00e3o do estado de Pernambuco.<\/p>\n\n\n\n<ul class=\"wp-block-list\">\n<li><strong>I EPEM<\/strong> &#8211; Recife-PE | 22 a 26 de outubro de 1990 &#8211; <a href=\"https:\/\/drive.google.com\/file\/d\/1231KeETLcSl0YRh0lhjDqPojy2nEGYYT\/view?usp=sharing\" data-type=\"link\" data-id=\"https:\/\/drive.google.com\/file\/d\/1231KeETLcSl0YRh0lhjDqPojy2nEGYYT\/view?usp=sharing\">Link para os Anais<\/a><\/li>\n<\/ul>\n\n\n\n<ul class=\"wp-block-list\">\n<li><strong>II EPEM<\/strong> &#8211; Recife-PE | 17 a 21 de agosto de 1992 &#8211; <a href=\"https:\/\/drive.google.com\/file\/d\/1F-Fl95IXHN8m5So5XzgM99bl7-dLDpQ3\/view?usp=sharing\">Link para os Anais<\/a><\/li>\n<\/ul>\n\n\n\n<ul class=\"wp-block-list\">\n<li><strong>III EPEM<\/strong> &#8211; Local | Data &#8211; (ainda n\u00e3o temos o acervo dos arquivos digitalizados)<\/li>\n<\/ul>\n\n\n\n<ul class=\"wp-block-list\">\n<li><strong>IV EPEM<\/strong> &#8211; Recife-PE| 3 a 5 de novembro de 1999 &#8211; <a href=\"https:\/\/drive.google.com\/drive\/folders\/1CWJ8IFYM6cDWhBewOmPdHPRAozX1C6Xm?usp=sharing, https:\/\/drive.google.com\/drive\/folders\/1LiqIeG8D49iuXV4JgTFevv1pZrY_ADr8?usp=sharing, https:\/\/drive.google.com\/file\/d\/1WVt9BGjxo0l-sJbvLJB2Ux7T7-D6OJe6\/view?usp=sharing\">Link para os Anais<\/a><\/li>\n<\/ul>\n\n\n\n<ul class=\"wp-block-list\">\n<li><strong>V EPEM<\/strong> &#8211; Garanhuns | 12 a 15 de outubro de 2002 &#8211; <a href=\"http:\/\/epem.sbempe.com.br\/anais\/2002\/paginas\/vepem.htm\" data-type=\"URL\" data-id=\"http:\/\/epem.sbempe.com.br\/anais\/2002\/paginas\/vepem.htm\" target=\"_blank\" rel=\"noreferrer noopener\">Link para os Anais<\/a><\/li>\n<\/ul>\n\n\n\n<ul class=\"wp-block-list\">\n<li><strong>VI EPEM<\/strong> &#8211; Caruaru |  2 a 4 de novembro de 2006 &#8211; <a href=\"http:\/\/epem.sbempe.com.br\/anais\/2002\/paginas\/vepem.htm\" data-type=\"URL\" data-id=\"http:\/\/epem.sbempe.com.br\/anais\/2002\/paginas\/vepem.htm\" target=\"_blank\" rel=\"noreferrer noopener\">Link para os Anais<\/a><\/li>\n<\/ul>\n\n\n\n<ul class=\"wp-block-list\">\n<li><strong>VII EPEM<\/strong> &#8211; Garanhuns | 2 a 4 de novembro de 2017 &#8211; <a href=\"http:\/\/epem.sbempe.com.br\/anais\/\" data-type=\"URL\" data-id=\"http:\/\/epem.sbempe.com.br\/anais\/\" target=\"_blank\" rel=\"noreferrer noopener\">Link para os Anais<\/a><\/li>\n<\/ul>\n\n\n\n<p><\/p>\n\n\n\n<p><\/p>\n\n\n\n<p><strong>.\u00b7.\u00b7.\u00b7.\u00b7. Em Edi\u00e7\u00e3o .\u00b7.\u00b7.\u00b7.\u00b7.<\/strong><\/p>\n","protected":false},"excerpt":{"rendered":"<p>Os Encontros Pernambucanos de Educa\u00e7\u00e3o Matem\u00e1tica (EPEM) s\u00e3o realizados pela Diretoria Regional com apoio de pesquisadores e pesquisadoras vinculados \u00e0<\/p>\n","protected":false},"author":1,"featured_media":0,"parent":0,"menu_order":0,"comment_status":"closed","ping_status":"closed","template":"","meta":{"footnotes":""},"class_list":["post-103","page","type-page","status-publish","hentry"],"_links":{"self":[{"href":"https:\/\/sbempe.com.br\/index.php\/wp-json\/wp\/v2\/pages\/103","targetHints":{"allow":["GET"]}}],"collection":[{"href":"https:\/\/sbempe.com.br\/index.php\/wp-json\/wp\/v2\/pages"}],"about":[{"href":"https:\/\/sbempe.com.br\/index.php\/wp-json\/wp\/v2\/types\/page"}],"author":[{"embeddable":true,"href":"https:\/\/sbempe.com.br\/index.php\/wp-json\/wp\/v2\/users\/1"}],"replies":[{"embeddable":true,"href":"https:\/\/sbempe.com.br\/index.php\/wp-json\/wp\/v2\/comments?post=103"}],"version-history":[{"count":12,"href":"https:\/\/sbempe.com.br\/index.php\/wp-json\/wp\/v2\/pages\/103\/revisions"}],"predecessor-version":[{"id":907,"href":"https:\/\/sbempe.com.br\/index.php\/wp-json\/wp\/v2\/pages\/103\/revisions\/907"}],"wp:attachment":[{"href":"https:\/\/sbempe.com.br\/index.php\/wp-json\/wp\/v2\/media?parent=103"}],"curies":[{"name":"wp","href":"https:\/\/api.w.org\/{rel}","templated":true}]}}